{"id":76,"date":"2024-12-04T17:57:48","date_gmt":"2024-12-04T16:57:48","guid":{"rendered":"https:\/\/djpalomo.codimk.es\/?page_id=76"},"modified":"2024-12-05T18:26:03","modified_gmt":"2024-12-05T17:26:03","slug":"servicios","status":"publish","type":"page","link":"https:\/\/djpalomo.es\/index.php\/servicios\/","title":{"rendered":"SERVICIOS"},"content":{"rendered":"\n<p class=\"has-large-font-size\"><embed type=\"image\/svg+xml\" src=\"https:\/\/duyn491kcolsw.cloudfront.net\/files\/1c\/1ca\/1cajtz.svg?ph=ac6e43b495&amp;border=c35e13&amp;outline=f1a871&amp;color=ea7b28\"><\/p>\n\n\n\n<p class=\"has-large-font-size\">DJ para bodas y eventos especiales: Ofrezco m\u00fasica personalizada y adaptada a las preferencias de los novios y sus invitados para hacer de su boda una fiesta inolvidable.<\/p>\n\n\n\n<p class=\"has-text-align-center has-large-font-size\">yo DJ PALOMO estoy disponible&nbsp; para bodas y eventos especiales, me encargare de crear una atm\u00f3sfera \u00fanica y llena de diversi\u00f3n con una selecci\u00f3n de m\u00fasica personalizada para los&nbsp;clientes<\/p>\n\n\n\n<p class=\"has-large-font-size\"><\/p>\n\n\n\n<p><\/p>\n","protected":false},"excerpt":{"rendered":"<p>DJ para bodas y eventos especiales: Ofrezco m\u00fasica personalizada y adaptada a las preferencias de los novios y sus invitados para hacer de su boda una fiesta inolvidable. yo DJ PALOMO estoy disponible&nbsp; para bodas y eventos especiales, me encargare de crear una atm\u00f3sfera \u00fanica y llena de diversi\u00f3n con una selecci\u00f3n de m\u00fasica personalizada [&hellip;]<\/p>\n","protected":false},"author":1,"featured_media":0,"parent":0,"menu_order":0,"comment_status":"closed","ping_status":"closed","template":"","meta":{"footnotes":""},"class_list":["post-76","page","type-page","status-publish","hentry"],"_links":{"self":[{"href":"https:\/\/djpalomo.es\/index.php\/wp-json\/wp\/v2\/pages\/76","targetHints":{"allow":["GET"]}}],"collection":[{"href":"https:\/\/djpalomo.es\/index.php\/wp-json\/wp\/v2\/pages"}],"about":[{"href":"https:\/\/djpalomo.es\/index.php\/wp-json\/wp\/v2\/types\/page"}],"author":[{"embeddable":true,"href":"https:\/\/djpalomo.es\/index.php\/wp-json\/wp\/v2\/users\/1"}],"replies":[{"embeddable":true,"href":"https:\/\/djpalomo.es\/index.php\/wp-json\/wp\/v2\/comments?post=76"}],"version-history":[{"count":5,"href":"https:\/\/djpalomo.es\/index.php\/wp-json\/wp\/v2\/pages\/76\/revisions"}],"predecessor-version":[{"id":141,"href":"https:\/\/djpalomo.es\/index.php\/wp-json\/wp\/v2\/pages\/76\/revisions\/141"}],"wp:attachment":[{"href":"https:\/\/djpalomo.es\/index.php\/wp-json\/wp\/v2\/media?parent=76"}],"curies":[{"name":"wp","href":"https:\/\/api.w.org\/{rel}","templated":true}]}}